{"id":5240,"date":"2023-09-14T09:33:08","date_gmt":"2023-09-14T07:33:08","guid":{"rendered":"https:\/\/9werk.dk\/om-os\/"},"modified":"2025-09-10T10:27:41","modified_gmt":"2025-09-10T08:27:41","slug":"om-os","status":"publish","type":"page","link":"https:\/\/9werk.dk\/da\/om-os\/","title":{"rendered":"Om os"},"content":{"rendered":"\t\t<div data-elementor-type=\"wp-post\" data-elementor-id=\"5240\" class=\"elementor elementor-5240 elementor-1973\" data-elementor-post-type=\"page\">\n\t\t\t\t<div class=\"elementor-element elementor-element-266d397 e-flex e-con-boxed e-con e-parent\" data-id=\"266d397\" data-element_type=\"container\" data-settings=\"{&quot;background_background&quot;:&quot;classic&quot;}\">\n\t\t\t\t\t<div class=\"e-con-inner\">\n\t\t\t\t\t<\/div>\n\t\t\t\t<\/div>\n\t\t<div class=\"elementor-element elementor-element-0052894 e-flex e-con-boxed e-con e-parent\" data-id=\"0052894\" data-element_type=\"container\">\n\t\t\t\t\t<div class=\"e-con-inner\">\n\t\t<div class=\"elementor-element elementor-element-d428c69 e-con-full e-flex e-con e-child\" data-id=\"d428c69\" data-element_type=\"container\" data-settings=\"{&quot;background_background&quot;:&quot;classic&quot;}\">\n\t\t\t\t<\/div>\n\t\t<div class=\"elementor-element elementor-element-de59681 e-con-full e-flex e-con e-child\" data-id=\"de59681\" data-element_type=\"container\">\n\t\t\t\t<div class=\"elementor-element elementor-element-eda8d79 elementor-widget elementor-widget-heading\" data-id=\"eda8d79\" data-element_type=\"widget\" data-widget_type=\"heading.default\">\n\t\t\t\t\t<h2 class=\"elementor-heading-title elementor-size-default\">Precision Suspension Parts - bakket op af passion, bevist af erfaring<\/h2>\t\t\t\t<\/div>\n\t\t\t\t<div class=\"elementor-element elementor-element-36fcf86 elementor-widget elementor-widget-text-editor\" data-id=\"36fcf86\" data-element_type=\"widget\" data-widget_type=\"text-editor.default\">\n\t\t\t\t\t\t\t\t\t<p>9werk er en virksomhed, der har specialiseret sig i affjedringsdele til Porsche &#8211; og p\u00e5 det seneste ogs\u00e5 til italienske sportsvogne. Virksomheden har eksisteret i 15 \u00e5r, men passionen g\u00e5r endnu l\u00e6ngere tilbage.<\/p>\t\t\t\t\t\t\t\t<\/div>\n\t\t\t\t<div class=\"elementor-element elementor-element-a4d0b1d elementor-widget elementor-widget-text-editor\" data-id=\"a4d0b1d\" data-element_type=\"widget\" data-widget_type=\"text-editor.default\">\n\t\t\t\t\t\t\t\t\t<p>Hos 9werk l\u00e6gger vi ekstremt stor v\u00e6gt p\u00e5 kvaliteten af det f\u00e6rdige produkt og g\u00e5r derfor aldrig p\u00e5 kompromis. Det er derfor, vi har f\u00e5et dele specialfremstillet til en endnu h\u00f8jere standard, hvilket giver et endnu bedre slutresultat!<\/p><p>Hos 9werk renoverer vi f.eks. b\u00e6rearme med nye b\u00f8sninger og kugleled og m\u00e5ler dem, s\u00e5 de er pr\u00e6cise. Dette er kun muligt med originale dele, da metalkvaliteten er renere.<br>Vi s\u00e6lger ogs\u00e5 et bredt udvalg af affjedringskomponenter, der er justerbare eller race-engineered.<\/p><p>I de sidste 4 \u00e5r har vi leveret affjedringsdele til et stort, velkendt specialbygningsfirma, der ogs\u00e5 n\u00e6gter at g\u00e5 p\u00e5 kompromis med kvaliteten &#8211; sammen med andre store v\u00e6rksteder, racerk\u00f8rere og private kunder.<\/p><p>Som kunde kan du forvente dele af h\u00f8jeste kvalitet, idet 97 % af vores produkter er fremstillet i EU.<\/p><p>Hvis du har sp\u00f8rgsm\u00e5l, er du velkommen til at ringe eller skrive!<\/p><p>Med venlig hilsen<br><strong>Leander Vinmans &#8211; CEO<\/strong><\/p>\t\t\t\t\t\t\t\t<\/div>\n\t\t\t\t<\/div>\n\t\t\t\t\t<\/div>\n\t\t\t\t<\/div>\n\t\t<div class=\"elementor-element elementor-element-bb10f12 e-flex e-con-boxed e-con e-child\" data-id=\"bb10f12\" data-element_type=\"container\">\n\t\t\t\t\t<div class=\"e-con-inner\">\n\t\t\t\t<div class=\"elementor-element elementor-element-bcd4d72 elementor-view-stacked elementor-position-left elementor-tablet-position-top elementor-mobile-position-left elementor-shape-circle elementor-widget elementor-widget-icon-box\" data-id=\"bcd4d72\" data-element_type=\"widget\" data-widget_type=\"icon-box.default\">\n\t\t\t\t\t\t\t<div class=\"elementor-icon-box-wrapper\">\n\n\t\t\t\t\t\t<div class=\"elementor-icon-box-icon\">\n\t\t\t\t<span  class=\"elementor-icon\">\n\t\t\t\t<i aria-hidden=\"true\" class=\"fas fa-check-square\"><\/i>\t\t\t\t<\/span>\n\t\t\t<\/div>\n\t\t\t\n\t\t\t\t\t\t<div class=\"elementor-icon-box-content\">\n\n\t\t\t\t\t\t\t\t\t<h3 class=\"elementor-icon-box-title\">\n\t\t\t\t\t\t<span  >\n\t\t\t\t\t\t\t50 dages returret\t\t\t\t\t\t<\/span>\n\t\t\t\t\t<\/h3>\n\t\t\t\t\n\t\t\t\t\t\t\t\t\t<p class=\"elementor-icon-box-description\">\n\t\t\t\t\t\tBare rolig, hvis du har k\u00f8bt den forkerte vare - du skal bare returnere den inden for 50 dage.\t\t\t\t\t<\/p>\n\t\t\t\t\n\t\t\t<\/div>\n\t\t\t\n\t\t<\/div>\n\t\t\t\t\t\t<\/div>\n\t\t\t\t<div class=\"elementor-element elementor-element-fe5bfbf elementor-view-stacked elementor-position-left elementor-tablet-position-top elementor-mobile-position-left elementor-shape-circle elementor-widget elementor-widget-icon-box\" data-id=\"fe5bfbf\" data-element_type=\"widget\" data-widget_type=\"icon-box.default\">\n\t\t\t\t\t\t\t<div class=\"elementor-icon-box-wrapper\">\n\n\t\t\t\t\t\t<div class=\"elementor-icon-box-icon\">\n\t\t\t\t<span  class=\"elementor-icon\">\n\t\t\t\t<i aria-hidden=\"true\" class=\"fas fa-shield-alt\"><\/i>\t\t\t\t<\/span>\n\t\t\t<\/div>\n\t\t\t\n\t\t\t\t\t\t<div class=\"elementor-icon-box-content\">\n\n\t\t\t\t\t\t\t\t\t<h3 class=\"elementor-icon-box-title\">\n\t\t\t\t\t\t<span  >\n\t\t\t\t\t\t\t3 \u00e5rs garanti\t\t\t\t\t\t<\/span>\n\t\t\t\t\t<\/h3>\n\t\t\t\t\n\t\t\t\t\t\t\t\t\t<p class=\"elementor-icon-box-description\">\n\t\t\t\t\t\tAlle dele er d\u00e6kket i 3 \u00e5r - ogs\u00e5 renoverede dele, uanset kilometertal!\t\t\t\t\t<\/p>\n\t\t\t\t\n\t\t\t<\/div>\n\t\t\t\n\t\t<\/div>\n\t\t\t\t\t\t<\/div>\n\t\t\t\t<div class=\"elementor-element elementor-element-c679570 elementor-view-stacked elementor-position-left elementor-tablet-position-top elementor-mobile-position-left elementor-shape-circle elementor-widget elementor-widget-icon-box\" data-id=\"c679570\" data-element_type=\"widget\" data-widget_type=\"icon-box.default\">\n\t\t\t\t\t\t\t<div class=\"elementor-icon-box-wrapper\">\n\n\t\t\t\t\t\t<div class=\"elementor-icon-box-icon\">\n\t\t\t\t<span  class=\"elementor-icon\">\n\t\t\t\t<i aria-hidden=\"true\" class=\"fas fa-money-bill-wave\"><\/i>\t\t\t\t<\/span>\n\t\t\t<\/div>\n\t\t\t\n\t\t\t\t\t\t<div class=\"elementor-icon-box-content\">\n\n\t\t\t\t\t\t\t\t\t<h3 class=\"elementor-icon-box-title\">\n\t\t\t\t\t\t<span  >\n\t\t\t\t\t\t\tGaranti for prismatch\t\t\t\t\t\t<\/span>\n\t\t\t\t\t<\/h3>\n\t\t\t\t\n\t\t\t\t\t\t\t\t\t<p class=\"elementor-icon-box-description\">\n\t\t\t\t\t\tVi tager prismatch alvorligt - og giver dig 5% ekstra rabat oveni!\t\t\t\t\t<\/p>\n\t\t\t\t\n\t\t\t<\/div>\n\t\t\t\n\t\t<\/div>\n\t\t\t\t\t\t<\/div>\n\t\t\t\t\t<\/div>\n\t\t\t\t<\/div>\n\t\t\t\t<\/div>\n\t\t","protected":false},"excerpt":{"rendered":"<p>Precision Suspension Parts &#8211; bakket op af passion, bevist af erfaring 9werk er en virksomhed, der har specialiseret sig i affjedringsdele til Porsche &#8211; og p\u00e5 det seneste ogs\u00e5 til italienske sportsvogne. Virksomheden har eksisteret i 15 \u00e5r, men passionen g\u00e5r endnu l\u00e6ngere tilbage. Hos 9werk l\u00e6gger vi ekstremt stor v\u00e6gt p\u00e5 kvaliteten af det [&hellip;]<\/p>\n","protected":false},"author":1,"featured_media":0,"parent":0,"menu_order":0,"comment_status":"closed","ping_status":"closed","template":"","meta":{"_acf_changed":false,"footnotes":""},"class_list":["post-5240","page","type-page","status-publish","hentry"],"acf":[],"yoast_head":"<!-- This site is optimized with the Yoast SEO plugin v26.9 - https:\/\/yoast.com\/product\/yoast-seo-wordpress\/ -->\n<title>Om os | 9werk<\/title>\n<meta name=\"robots\" content=\"index, follow, max-snippet:-1, max-image-preview:large, max-video-preview:-1\" \/>\n<link rel=\"canonical\" href=\"https:\/\/9werk.dk\/da\/om-os\/\" \/>\n<meta property=\"og:locale\" content=\"da_DK\" \/>\n<meta property=\"og:type\" content=\"article\" \/>\n<meta property=\"og:title\" content=\"Om os | 9werk\" \/>\n<meta property=\"og:description\" content=\"Precision Suspension Parts &#8211; bakket op af passion, bevist af erfaring 9werk er en virksomhed, der har specialiseret sig i affjedringsdele til Porsche &#8211; og p\u00e5 det seneste ogs\u00e5 til italienske sportsvogne. Virksomheden har eksisteret i 15 \u00e5r, men passionen g\u00e5r endnu l\u00e6ngere tilbage. Hos 9werk l\u00e6gger vi ekstremt stor v\u00e6gt p\u00e5 kvaliteten af det [&hellip;]\" \/>\n<meta property=\"og:url\" content=\"https:\/\/9werk.dk\/da\/om-os\/\" \/>\n<meta property=\"og:site_name\" content=\"9werk\" \/>\n<meta property=\"article:modified_time\" content=\"2025-09-10T08:27:41+00:00\" \/>\n<meta name=\"twitter:card\" content=\"summary_large_image\" \/>\n<meta name=\"twitter:label1\" content=\"Estimeret l\u00e6setid\" \/>\n\t<meta name=\"twitter:data1\" content=\"1 minut\" \/>\n<script type=\"application\/ld+json\" class=\"yoast-schema-graph\">{\"@context\":\"https:\/\/schema.org\",\"@graph\":[{\"@type\":\"WebPage\",\"@id\":\"https:\/\/9werk.dk\/da\/om-os\/\",\"url\":\"https:\/\/9werk.dk\/da\/om-os\/\",\"name\":\"Om os | 9werk\",\"isPartOf\":{\"@id\":\"https:\/\/9werk.dk\/da\/#website\"},\"datePublished\":\"2023-09-14T07:33:08+00:00\",\"dateModified\":\"2025-09-10T08:27:41+00:00\",\"breadcrumb\":{\"@id\":\"https:\/\/9werk.dk\/da\/om-os\/#breadcrumb\"},\"inLanguage\":\"da-DK\",\"potentialAction\":[{\"@type\":\"ReadAction\",\"target\":[\"https:\/\/9werk.dk\/da\/om-os\/\"]}]},{\"@type\":\"BreadcrumbList\",\"@id\":\"https:\/\/9werk.dk\/da\/om-os\/#breadcrumb\",\"itemListElement\":[{\"@type\":\"ListItem\",\"position\":1,\"name\":\"Home\",\"item\":\"https:\/\/9werk.dk\/da\/\"},{\"@type\":\"ListItem\",\"position\":2,\"name\":\"Om os\"}]},{\"@type\":\"WebSite\",\"@id\":\"https:\/\/9werk.dk\/da\/#website\",\"url\":\"https:\/\/9werk.dk\/da\/\",\"name\":\"9werk\",\"description\":\"\",\"publisher\":{\"@id\":\"https:\/\/9werk.dk\/da\/#organization\"},\"potentialAction\":[{\"@type\":\"SearchAction\",\"target\":{\"@type\":\"EntryPoint\",\"urlTemplate\":\"https:\/\/9werk.dk\/da\/?s={search_term_string}\"},\"query-input\":{\"@type\":\"PropertyValueSpecification\",\"valueRequired\":true,\"valueName\":\"search_term_string\"}}],\"inLanguage\":\"da-DK\"},{\"@type\":\"Organization\",\"@id\":\"https:\/\/9werk.dk\/da\/#organization\",\"name\":\"9werk\",\"url\":\"https:\/\/9werk.dk\/da\/\",\"logo\":{\"@type\":\"ImageObject\",\"inLanguage\":\"da-DK\",\"@id\":\"https:\/\/9werk.dk\/da\/#\/schema\/logo\/image\/\",\"url\":\"https:\/\/9werk.dk\/wp-content\/uploads\/logo-sort.svg\",\"contentUrl\":\"https:\/\/9werk.dk\/wp-content\/uploads\/logo-sort.svg\",\"width\":251,\"height\":127,\"caption\":\"9werk\"},\"image\":{\"@id\":\"https:\/\/9werk.dk\/da\/#\/schema\/logo\/image\/\"}}]}<\/script>\n<!-- \/ Yoast SEO plugin. -->","yoast_head_json":{"title":"Om os | 9werk","robots":{"index":"index","follow":"follow","max-snippet":"max-snippet:-1","max-image-preview":"max-image-preview:large","max-video-preview":"max-video-preview:-1"},"canonical":"https:\/\/9werk.dk\/da\/om-os\/","og_locale":"da_DK","og_type":"article","og_title":"Om os | 9werk","og_description":"Precision Suspension Parts &#8211; bakket op af passion, bevist af erfaring 9werk er en virksomhed, der har specialiseret sig i affjedringsdele til Porsche &#8211; og p\u00e5 det seneste ogs\u00e5 til italienske sportsvogne. Virksomheden har eksisteret i 15 \u00e5r, men passionen g\u00e5r endnu l\u00e6ngere tilbage. Hos 9werk l\u00e6gger vi ekstremt stor v\u00e6gt p\u00e5 kvaliteten af det [&hellip;]","og_url":"https:\/\/9werk.dk\/da\/om-os\/","og_site_name":"9werk","article_modified_time":"2025-09-10T08:27:41+00:00","twitter_card":"summary_large_image","twitter_misc":{"Estimeret l\u00e6setid":"1 minut"},"schema":{"@context":"https:\/\/schema.org","@graph":[{"@type":"WebPage","@id":"https:\/\/9werk.dk\/da\/om-os\/","url":"https:\/\/9werk.dk\/da\/om-os\/","name":"Om os | 9werk","isPartOf":{"@id":"https:\/\/9werk.dk\/da\/#website"},"datePublished":"2023-09-14T07:33:08+00:00","dateModified":"2025-09-10T08:27:41+00:00","breadcrumb":{"@id":"https:\/\/9werk.dk\/da\/om-os\/#breadcrumb"},"inLanguage":"da-DK","potentialAction":[{"@type":"ReadAction","target":["https:\/\/9werk.dk\/da\/om-os\/"]}]},{"@type":"BreadcrumbList","@id":"https:\/\/9werk.dk\/da\/om-os\/#breadcrumb","itemListElement":[{"@type":"ListItem","position":1,"name":"Home","item":"https:\/\/9werk.dk\/da\/"},{"@type":"ListItem","position":2,"name":"Om os"}]},{"@type":"WebSite","@id":"https:\/\/9werk.dk\/da\/#website","url":"https:\/\/9werk.dk\/da\/","name":"9werk","description":"","publisher":{"@id":"https:\/\/9werk.dk\/da\/#organization"},"potentialAction":[{"@type":"SearchAction","target":{"@type":"EntryPoint","urlTemplate":"https:\/\/9werk.dk\/da\/?s={search_term_string}"},"query-input":{"@type":"PropertyValueSpecification","valueRequired":true,"valueName":"search_term_string"}}],"inLanguage":"da-DK"},{"@type":"Organization","@id":"https:\/\/9werk.dk\/da\/#organization","name":"9werk","url":"https:\/\/9werk.dk\/da\/","logo":{"@type":"ImageObject","inLanguage":"da-DK","@id":"https:\/\/9werk.dk\/da\/#\/schema\/logo\/image\/","url":"https:\/\/9werk.dk\/wp-content\/uploads\/logo-sort.svg","contentUrl":"https:\/\/9werk.dk\/wp-content\/uploads\/logo-sort.svg","width":251,"height":127,"caption":"9werk"},"image":{"@id":"https:\/\/9werk.dk\/da\/#\/schema\/logo\/image\/"}}]}},"_links":{"self":[{"href":"https:\/\/9werk.dk\/da\/wp-json\/wp\/v2\/pages\/5240","targetHints":{"allow":["GET"]}}],"collection":[{"href":"https:\/\/9werk.dk\/da\/wp-json\/wp\/v2\/pages"}],"about":[{"href":"https:\/\/9werk.dk\/da\/wp-json\/wp\/v2\/types\/page"}],"author":[{"embeddable":true,"href":"https:\/\/9werk.dk\/da\/wp-json\/wp\/v2\/users\/1"}],"replies":[{"embeddable":true,"href":"https:\/\/9werk.dk\/da\/wp-json\/wp\/v2\/comments?post=5240"}],"version-history":[{"count":1,"href":"https:\/\/9werk.dk\/da\/wp-json\/wp\/v2\/pages\/5240\/revisions"}],"predecessor-version":[{"id":5241,"href":"https:\/\/9werk.dk\/da\/wp-json\/wp\/v2\/pages\/5240\/revisions\/5241"}],"wp:attachment":[{"href":"https:\/\/9werk.dk\/da\/wp-json\/wp\/v2\/media?parent=5240"}],"curies":[{"name":"wp","href":"https:\/\/api.w.org\/{rel}","templated":true}]}}